{"id":111,"date":"2010-03-25T22:59:23","date_gmt":"2010-03-25T21:59:23","guid":{"rendered":"http:\/\/fontenillesvtt.fr\/wp\/?page_id=111"},"modified":"2023-11-17T13:46:18","modified_gmt":"2023-11-17T12:46:18","slug":"le-bureau","status":"publish","type":"page","link":"https:\/\/fontenilles-vtt.fr\/wp\/?page_id=111","title":{"rendered":"Le bureau version 2023-2024"},"content":{"rendered":"\n<div class=\"wp-block-group\"><div class=\"wp-block-group__inner-container is-layout-flow wp-block-group-is-layout-flow\">\n<h2>L\u2019Assembl\u00e9e G\u00e9n\u00e9rale 2023 de l\u2019association a eu lieu Jeudi 19 Octobre 2023.<\/h2>\n<p>Quelques changements au sein du bureau:<\/p>\n<ul>\n<li><strong>Pr\u00e9sident : <span style=\"background-color: #ffffff; color: #0000ff;\">Jean Luc DUVERNEUIL<\/span><\/strong><\/li>\n<li><strong>Tr\u00e9sorier :&nbsp;<span style=\"color: #0000ff;\">S\u00e9bastien DA SILVA<\/span><\/strong><\/li>\n<li><strong>Secr\u00e9taire : <span style=\"color: #0000ff;\">Lionel CRESPEL<\/span><\/strong><\/li>\n<li><strong>Secr\u00e9taire adjoint : <span style=\"color: #0000ff;\">Philippe FRASSETTO<\/span><\/strong> (nouvel entrant)<\/li>\n<\/ul>\n<p>Membres d\u00e9l\u00e9gu\u00e9s:<\/p>\n<ul>\n<li><strong>Responsable organisation des Cotes Gasconnes : <span style=\"color: #0000ff;\">Martin DELPORTE, Romain SOULA, Tony CITOLEUX <br><\/span><\/strong><\/li>\n<li><strong>Relations ext\u00e9rieures : <span style=\"color: #0000ff;\">Jean-Pascal Costes<\/span><\/strong><\/li>\n<li><strong>Responsable communication (R\u00e9seaux sociaux et Web) : <span style=\"color: #0000ff;\">Thomas DUVERNEUIL<\/span><\/strong><\/li>\n<li><strong>Responsable Informatique et Week-End Club : <span style=\"color: #0000ff;\">Florent ROUCHEL<\/span><\/strong><\/li>\n<li><strong>Responsable Formation : <span style=\"color: #0000ff;\">Nicolas COSTES<\/span><\/strong><\/li>\n<\/ul>\n<h2>Pour historique:<\/h2>\n<h2>L\u2019Assembl\u00e9e G\u00e9n\u00e9rale 2022 de l\u2019association a eu lieu mardi 22 novembre 2022.<\/h2>\n<p>Le bureau reconduit avec quelques ajustements :<\/p>\n<ul>\n<li><strong>Pr\u00e9sident : <\/strong>Florent Rouchel<\/li>\n<li><strong>Tr\u00e9sorier : <\/strong>Nicolas Costes<\/li>\n<li><strong>Tr\u00e9sorier adjoint&nbsp;:<\/strong> Jean \u2013Luc Duverneuil (nouveau entrant)<\/li>\n<li><strong>Secr\u00e9taire :<\/strong>&nbsp;Lionel Crespel<\/li>\n<li><strong>Secr\u00e9taire adjoint&nbsp;: <\/strong>S\u00e9bastien Da Silva (nouveau entrant)<\/li>\n<li><strong>Responsable organisation des Cotes Gasconnes : <\/strong>Martin Delporte, Romain Soula, Tony Citoleux&nbsp;<\/li>\n<li><strong>Relations ext\u00e9rieures : <\/strong>Jean-Pascal Costes<\/li>\n<li><strong>Responsable communication (R\u00e9seaux sociaux et Web) : <\/strong>Thomas Duverneuil<\/li>\n<\/ul>\n<h2>L\u2019Assembl\u00e9e G\u00e9n\u00e9rale 2021 de l\u2019association a eu lieu mercredi 10 novembre 2021.<\/h2>\n<p>Le bureau reconduit avec quelques ajustements :<\/p>\n<ul>\n<li><strong>Pr\u00e9sident :&nbsp;<\/strong>Florent Rouchel<\/li>\n<li><strong>Tr\u00e9sorier :&nbsp;<\/strong>Nicolas Costes<\/li>\n<li><strong>Secr\u00e9taire :<\/strong>&nbsp;Lionel Crespel&nbsp;<\/li>\n<li><strong>Responsable organisation des Cotes Gasconnes :&nbsp;<\/strong>Martin Delporte, Romain Soula, Tony Citoleux&nbsp;<\/li>\n<li><strong>Relations ext\u00e9rieures :&nbsp;<\/strong>Jean-Pascal Costes<\/li>\n<li><strong>Responsable communication (R\u00e9seaux sociaux et Web) :&nbsp;<\/strong>Thomas Duverneuil<\/li>\n<\/ul>\n<h2>L\u2019Assembl\u00e9e G\u00e9n\u00e9rale 2020 de l\u2019association a eu lieu vendredi 06 novembre 2020.<\/h2>\n<ul>\n<li><strong>Pr\u00e9sident : <\/strong>Florent Rouchel<\/li>\n<li><strong>Tr\u00e9sorier : <\/strong>Nicolas Costes<\/li>\n<li><strong>Secr\u00e9taire : <\/strong>Vivien Mergnat<\/li>\n<li><strong>Secr\u00e9taire adjoint : <\/strong>Martin Delporte<\/li>\n<li><strong>Responsable organisation des Cotes Gasconnes : <\/strong>Martin Delporte<\/li>\n<li><strong>Relations ext\u00e9rieures : <\/strong>Jean-Pascal Costes<\/li>\n<li><strong>Responsable communication (R\u00e9seaux sociaux et Web) : <\/strong>Thomas Duverneuil et Lionel Crespel<\/li>\n<\/ul>\n<h2>L\u2019Assembl\u00e9e G\u00e9n\u00e9rale 2019 de l\u2019association a eu lieu vendredi 15 novembre 2019.<\/h2>\n<p><strong>Pr\u00e9sident<\/strong>: Lionel Crespel<\/p>\n<p><strong>Secr\u00e9taire \/ Secr\u00e9taire adjoint<\/strong>: Martin Delporte \/ Vivien Mergnat<\/p>\n<p><strong>Tr\u00e9sorier \/ Tr\u00e9sorier adjoint<\/strong>: Florent Rouchel \/ Nicolas Costes<\/p>\n<p><strong>WebMa\u00eetre<\/strong>: Lionel Crespel\/ Thomas Duverneuil<\/p>\n<p><strong>Coordinateur C\u00f4tes Gasconnes<\/strong> :Jean-Pascal Costes<\/p>\n<p><strong>Responsable d\u00e9couverte nouveaux circuits<\/strong> : Philippe Prat<\/p>\n<p><strong>Responsable communication<\/strong>&nbsp;: Thomas Duverneuil<\/p>\n<p>&nbsp;<\/p>\n<h2>L\u2019Assembl\u00e9e G\u00e9n\u00e9rale 2018 de l\u2019association a eu lieu vendredi 9 nov &nbsp;2018.<\/h2>\n<p>Le bureau n&rsquo;a pas d\u00e9missionn\u00e9, conform\u00e9ment au r\u00e8glement, et reste donc inchang\u00e9:<\/p>\n<p><strong>Pr\u00e9sident<\/strong>: Lionel Crespel<\/p>\n<p><strong>Secr\u00e9taire<\/strong>: Martin Delporte<\/p>\n<p><strong>Tr\u00e9sorier<\/strong>: Florent Rouchel<\/p>\n<p><strong>WebMa\u00eetre<\/strong>: Lionel Crespel<\/p>\n<p><strong>Coordinateur C\u00f4tes Gasconnes<\/strong> :Jean-Pascal Costes<\/p>\n<p><strong>Responsable d\u00e9couverte nouveaux circuits<\/strong> : Philippe Prat<\/p>\n<p><strong>Responsable calendrier des Randonn\u00e9es<\/strong>&nbsp;: Thomas Duverneuil<\/p>\n<h2>L\u2019Assembl\u00e9e G\u00e9n\u00e9rale 2017 de l\u2019association a eu lieu vendredi 18 nov &nbsp;2017.<\/h2>\n<p>Le bureau n&rsquo;a pas d\u00e9missionn\u00e9, conform\u00e9ment au r\u00e8glement, et reste donc inchang\u00e9:<\/p>\n<p><strong>Pr\u00e9sident<\/strong>: Lionel Crespel<\/p>\n<p><strong>Secr\u00e9taire<\/strong>: Martin Delporte<\/p>\n<p><strong>Tr\u00e9sorier<\/strong>: Florent Rouchel<\/p>\n<p><strong>WebMa\u00eetre<\/strong>: Lionel Crespel<\/p>\n<p><strong>Coordinateur C\u00f4tes Gasconnes<\/strong> :Jean-Pascal Costes<\/p>\n<p><strong>Responsable d\u00e9couverte nouveaux circuits<\/strong> : Philippe Prat<\/p>\n<p><strong>Responsable calendrier des Randonn\u00e9es<\/strong>&nbsp;: Thomas Duverneuil<\/p>\n<h2>l\u2019Assembl\u00e9e G\u00e9n\u00e9rale 2015 de l\u2019association avait eu lieu vendredi 20 nov &nbsp;2015.<\/h2>\n<p>Le bureau (sortant) etait le suivant:<\/p>\n<p><strong>Pr\u00e9sident<\/strong>: Jean-Pascal Costes<\/p>\n<p><strong>Secr\u00e9taire<\/strong>: Philippe Prat<\/p>\n<p><strong>Tr\u00e9sorier<\/strong>: Florent Rouchel<\/p>\n<p><strong>WebMa\u00eetre<\/strong>: Lionel Crespel<\/p>\n<\/div><\/div>\n","protected":false},"excerpt":{"rendered":"<p>L\u2019Assembl\u00e9e G\u00e9n\u00e9rale 2023 de l\u2019association a eu lieu Jeudi 19 Octobre 2023. Quelques changements au sein du bureau: Pr\u00e9sident : Jean Luc DUVERNEUIL Tr\u00e9sorier :&nbsp;S\u00e9bastien DA SILVA Secr\u00e9taire : Lionel&#8230; <\/p>\n<div class=\"read-more\"><a href=\"https:\/\/fontenilles-vtt.fr\/wp\/?page_id=111\">Lire la suite<\/a><\/div>\n","protected":false},"author":1,"featured_media":0,"parent":2,"menu_order":3,"comment_status":"closed","ping_status":"closed","template":"","meta":{"om_disable_all_campaigns":false,"_monsterinsights_skip_tracking":false,"_monsterinsights_sitenote_active":false,"_monsterinsights_sitenote_note":"","_monsterinsights_sitenote_category":0,"ngg_post_thumbnail":0,"jetpack_post_was_ever_published":false,"footnotes":""},"aioseo_notices":[],"jetpack_sharing_enabled":true,"jetpack_shortlink":"https:\/\/wp.me\/P9SYmx-1N","jetpack-related-posts":[],"post_mailing_queue_ids":[],"_links":{"self":[{"href":"https:\/\/fontenilles-vtt.fr\/wp\/index.php?rest_route=\/wp\/v2\/pages\/111"}],"collection":[{"href":"https:\/\/fontenilles-vtt.fr\/wp\/index.php?rest_route=\/wp\/v2\/pages"}],"about":[{"href":"https:\/\/fontenilles-vtt.fr\/wp\/index.php?rest_route=\/wp\/v2\/types\/page"}],"author":[{"embeddable":true,"href":"https:\/\/fontenilles-vtt.fr\/wp\/index.php?rest_route=\/wp\/v2\/users\/1"}],"replies":[{"embeddable":true,"href":"https:\/\/fontenilles-vtt.fr\/wp\/index.php?rest_route=%2Fwp%2Fv2%2Fcomments&post=111"}],"version-history":[{"count":37,"href":"https:\/\/fontenilles-vtt.fr\/wp\/index.php?rest_route=\/wp\/v2\/pages\/111\/revisions"}],"predecessor-version":[{"id":5085,"href":"https:\/\/fontenilles-vtt.fr\/wp\/index.php?rest_route=\/wp\/v2\/pages\/111\/revisions\/5085"}],"up":[{"embeddable":true,"href":"https:\/\/fontenilles-vtt.fr\/wp\/index.php?rest_route=\/wp\/v2\/pages\/2"}],"wp:attachment":[{"href":"https:\/\/fontenilles-vtt.fr\/wp\/index.php?rest_route=%2Fwp%2Fv2%2Fmedia&parent=111"}],"curies":[{"name":"wp","href":"https:\/\/api.w.org\/{rel}","templated":true}]}}