{"id":1439,"date":"2012-05-20T21:58:28","date_gmt":"2012-05-20T19:58:28","guid":{"rendered":"http:\/\/fontenillesvtt.fr\/wp\/?page_id=1439"},"modified":"2018-10-07T20:38:43","modified_gmt":"2018-10-07T18:38:43","slug":"les-recettes-du-pere-yoyo","status":"publish","type":"page","link":"https:\/\/fontenilles-vtt.fr\/wp\/?page_id=1439","title":{"rendered":"Les recettes du p\u00e8re Yoyo"},"content":{"rendered":"<p>Au menu du club, Yoyo vous propose deux recettes d&rsquo;aliments pleins d&rsquo;\u00e9nergie pour les randos:<\/p>\n<ul>\n<li>Des barres de c\u00e9r\u00e9ales faites maison<\/li>\n<li>Du Panforte italien<\/li>\n<\/ul>\n<p>Tout d&rsquo;abord, pour les barres de c\u00e9r\u00e9ales:<\/p>\n<ul>\n<li>50g de graines<\/li>\n<li>50g de noisettes ou amandes<\/li>\n<li>100g de flocons d&rsquo;avoine<\/li>\n<li>50g de c\u00e9r\u00e9ales toutes pr\u00e8tes<\/li>\n<li>50g de noix de coco<\/li>\n<li>100g de fruites secs<\/li>\n<li>100g de cassonade<\/li>\n<li>100g de miel<\/li>\n<li>80g de beurre demi-sel<\/li>\n<li>Faites dorer les graines et les amandes<\/li>\n<li>m\u00e9langer les fruits secs dans un saladier<\/li>\n<li>Liqu\u00e9fier le sucre, le miel et le beurre \u00e0 la casserole pendant 3min.<\/li>\n<li>M\u00e9langer le tout et l&rsquo;\u00e9taler dans un plat plat.<\/li>\n<li>Mettre le tout au frigo et le d\u00e9couper en barre une fois solidifi\u00e9. Vous pouvez les passer 20min au four ensuite.<\/li>\n<\/ul>\n<p>Pour le Panforte, voici une recette tir\u00e9e du web,&nbsp;c&rsquo;est de l&rsquo;explosion pure:<\/p>\n<p><strong>Ingr\u00e9dients (pour 8 \u00e0 10 personnes) :<\/strong><br \/>\n&#8211; 50 g de farine<br \/>\n&#8211; 175 g de zestes de fruits confits (<a href=\"http:\/\/www.marmiton.org\/Pratique\/Techniques-Culinaires-Video-Cuisine_preparer-une-orange.aspx\">oranges<\/a>, citrons, c\u00e9drats, <a href=\"http:\/\/www.marmiton.org\/Pratique\/Fruits-Et-Legumes_le-melon_1.aspx\">melons<\/a>)<br \/>\n&#8211; 100 g de miel liquide<br \/>\n&#8211; 75 g de noisettes mond\u00e9es<br \/>\n&#8211; 75 g d&rsquo;amandes mond\u00e9es<br \/>\n&#8211; 25 g de <a href=\"http:\/\/www.marmiton.org\/Magazine\/Plein-D-Epices_cacao_1.aspx\">cacao<\/a><br \/>\n&#8211; 1\/4 cuill\u00e8re \u00e0 caf\u00e9 de <a href=\"http:\/\/www.marmiton.org\/Magazine\/Plein-D-Epices_cannelle_1.aspx\">cannelle<\/a> en poudre<br \/>\n&#8211; 1\/4 cuill\u00e8re \u00e0 caf\u00e9 de 4 \u00e9pices en poudre<br \/>\n&#8211; 100 g de <a href=\"http:\/\/www.marmiton.org\/Magazine\/Tendances-Gourmandes_le-gout-des-sucres_1.aspx\">sucre<\/a> semoule<br \/>\n&#8211; <a href=\"http:\/\/www.marmiton.org\/Magazine\/Tendances-Gourmandes_le-gout-des-sucres_1.aspx\">sucre<\/a> glace pour la d\u00e9coration<\/p>\n<p><strong>Pr\u00e9paration :<\/strong><br \/>\nAllumer le four \u00e0 thermostat 4 1\/2 (160\u00b0C).<br \/>\nHacher finement les zestes, \u00e9craser les noisettes et les amandes au rouleau \u00e0 p\u00e2tisserie.<br \/>\nMettre le tout dans un saladier, avec la farine, le <a href=\"http:\/\/www.marmiton.org\/Magazine\/Plein-D-Epices_cacao_1.aspx\">cacao<\/a>, le 4 \u00e9pices.M\u00e9langer bien.<br \/>\nPr\u00e9parer un sirop : verser le miel et le <a href=\"http:\/\/www.marmiton.org\/Magazine\/Tendances-Gourmandes_le-gout-des-sucres_1.aspx\">sucre<\/a> semoule dans une casserole. Faire chauffer \u00e0 feu doux jusqu&rsquo;\u00e0 dissolution du <a href=\"http:\/\/www.marmiton.org\/Magazine\/Tendances-Gourmandes_le-gout-des-sucres_1.aspx\">sucre<\/a>, et porter \u00e0 \u00e9bulition, cuire au petit boul\u00e9 ( roul\u00e9 entre les doigts mouill\u00e9s, le sirop forme une boule molle ).<br \/>\nRetirer alors du feu, et verser dans le saladier, en m\u00e9langeant le tout.<br \/>\nTapisser un moule \u00e0 manqu\u00e9 de 20cm de diam\u00e8tre avec une feuille de papier sulfuris\u00e9, et y \u00e9taler la pr\u00e9paration pr\u00e9cedente sur 1 cm d&rsquo;\u00e9paisseur. Mettre au four et cuire 30 \u00e0 35 mn.<br \/>\nQuand le biscuit est bien dor\u00e9, le retourner sur une grille pour le laisser refroidir. Au moment de servir, poudrer avec du sucre glace pass\u00e9 au travers d&rsquo;une fine passoire.<\/p>\n","protected":false},"excerpt":{"rendered":"<p>Au menu du club, Yoyo vous propose deux recettes d&rsquo;aliments pleins d&rsquo;\u00e9nergie pour les randos: Des barres de c\u00e9r\u00e9ales faites maison Du Panforte italien Tout d&rsquo;abord, pour les barres de&#8230; <\/p>\n<div class=\"read-more\"><a href=\"https:\/\/fontenilles-vtt.fr\/wp\/?page_id=1439\">Lire la suite<\/a><\/div>\n","protected":false},"author":1,"featured_media":0,"parent":414,"menu_order":0,"comment_status":"open","ping_status":"closed","template":"","meta":{"om_disable_all_campaigns":false,"_monsterinsights_skip_tracking":false,"_monsterinsights_sitenote_active":false,"_monsterinsights_sitenote_note":"","_monsterinsights_sitenote_category":0,"ngg_post_thumbnail":0,"jetpack_post_was_ever_published":false,"footnotes":""},"aioseo_notices":[],"jetpack_sharing_enabled":true,"jetpack_shortlink":"https:\/\/wp.me\/P9SYmx-nd","jetpack-related-posts":[],"post_mailing_queue_ids":[],"_links":{"self":[{"href":"https:\/\/fontenilles-vtt.fr\/wp\/index.php?rest_route=\/wp\/v2\/pages\/1439"}],"collection":[{"href":"https:\/\/fontenilles-vtt.fr\/wp\/index.php?rest_route=\/wp\/v2\/pages"}],"about":[{"href":"https:\/\/fontenilles-vtt.fr\/wp\/index.php?rest_route=\/wp\/v2\/types\/page"}],"author":[{"embeddable":true,"href":"https:\/\/fontenilles-vtt.fr\/wp\/index.php?rest_route=\/wp\/v2\/users\/1"}],"replies":[{"embeddable":true,"href":"https:\/\/fontenilles-vtt.fr\/wp\/index.php?rest_route=%2Fwp%2Fv2%2Fcomments&post=1439"}],"version-history":[{"count":5,"href":"https:\/\/fontenilles-vtt.fr\/wp\/index.php?rest_route=\/wp\/v2\/pages\/1439\/revisions"}],"predecessor-version":[{"id":3571,"href":"https:\/\/fontenilles-vtt.fr\/wp\/index.php?rest_route=\/wp\/v2\/pages\/1439\/revisions\/3571"}],"up":[{"embeddable":true,"href":"https:\/\/fontenilles-vtt.fr\/wp\/index.php?rest_route=\/wp\/v2\/pages\/414"}],"wp:attachment":[{"href":"https:\/\/fontenilles-vtt.fr\/wp\/index.php?rest_route=%2Fwp%2Fv2%2Fmedia&parent=1439"}],"curies":[{"name":"wp","href":"https:\/\/api.w.org\/{rel}","templated":true}]}}