{"id":2537,"date":"2016-09-05T10:48:35","date_gmt":"2016-09-05T08:48:35","guid":{"rendered":"http:\/\/fontenillesvtt.fr\/wp\/?page_id=2537"},"modified":"2023-09-13T08:52:13","modified_gmt":"2023-09-13T06:52:13","slug":"nous-rejoindre","status":"publish","type":"page","link":"https:\/\/fontenilles-vtt.fr\/wp\/?page_id=2537","title":{"rendered":"Nous rejoindre"},"content":{"rendered":"<p>Nous vous proposons de lire tout d&rsquo;abord la page <a href=\"https:\/\/fontenilles-vtt.fr\/wp\/?page_id=414\" target=\"_blank\" rel=\"noopener noreferrer\">La vie du club<\/a>&nbsp;afin de vous en compreniez l&rsquo;esprit et le fonctionnement.<\/p>\n<p>Les seules contraintes de l&rsquo;association sont: la bonne humeur, p\u00e9daler le plus souvent possible et <strong>participer activement \u00e0 l&rsquo;organisation des C\u00f4tes Gasconnes et au fonctionnement de l&rsquo;association en g\u00e9n\u00e9ral<\/strong>.<\/p>\n<p>Les inscriptions se font vers le mois d&rsquo;octobre et l&rsquo;assembl\u00e9e g\u00e9n\u00e9rale en novembre. Les VTTAE sont bien s\u00fbr accept\u00e9s. Si vous souhaitez avoir plus d&rsquo;information, vous pouvez utiliser le <a href=\"https:\/\/fontenilles-vtt.fr\/wp\/?page_id=48\" target=\"_blank\" rel=\"noopener noreferrer\">formulaire de contact<\/a>. Pour l&rsquo;ann\u00e9e 2022-23,&nbsp;&nbsp;la cotisation est de 35\u20ac.<\/p>\n<h2>A bient\u00f4t<\/h2>\n<p>&nbsp;<\/p>\n<p>&nbsp;<\/p>\n","protected":false},"excerpt":{"rendered":"<p>Nous vous proposons de lire tout d&rsquo;abord la page La vie du club&nbsp;afin de vous en compreniez l&rsquo;esprit et le fonctionnement. Les seules contraintes de l&rsquo;association sont: la bonne humeur,&#8230; <\/p>\n<div class=\"read-more\"><a href=\"https:\/\/fontenilles-vtt.fr\/wp\/?page_id=2537\">Lire la suite<\/a><\/div>\n","protected":false},"author":1,"featured_media":0,"parent":2,"menu_order":5,"comment_status":"closed","ping_status":"closed","template":"","meta":{"om_disable_all_campaigns":false,"_monsterinsights_skip_tracking":false,"_monsterinsights_sitenote_active":false,"_monsterinsights_sitenote_note":"","_monsterinsights_sitenote_category":0,"ngg_post_thumbnail":0,"jetpack_post_was_ever_published":false,"footnotes":""},"aioseo_notices":[],"jetpack_sharing_enabled":true,"jetpack_shortlink":"https:\/\/wp.me\/P9SYmx-EV","jetpack-related-posts":[],"post_mailing_queue_ids":[],"_links":{"self":[{"href":"https:\/\/fontenilles-vtt.fr\/wp\/index.php?rest_route=\/wp\/v2\/pages\/2537"}],"collection":[{"href":"https:\/\/fontenilles-vtt.fr\/wp\/index.php?rest_route=\/wp\/v2\/pages"}],"about":[{"href":"https:\/\/fontenilles-vtt.fr\/wp\/index.php?rest_route=\/wp\/v2\/types\/page"}],"author":[{"embeddable":true,"href":"https:\/\/fontenilles-vtt.fr\/wp\/index.php?rest_route=\/wp\/v2\/users\/1"}],"replies":[{"embeddable":true,"href":"https:\/\/fontenilles-vtt.fr\/wp\/index.php?rest_route=%2Fwp%2Fv2%2Fcomments&post=2537"}],"version-history":[{"count":7,"href":"https:\/\/fontenilles-vtt.fr\/wp\/index.php?rest_route=\/wp\/v2\/pages\/2537\/revisions"}],"predecessor-version":[{"id":5015,"href":"https:\/\/fontenilles-vtt.fr\/wp\/index.php?rest_route=\/wp\/v2\/pages\/2537\/revisions\/5015"}],"up":[{"embeddable":true,"href":"https:\/\/fontenilles-vtt.fr\/wp\/index.php?rest_route=\/wp\/v2\/pages\/2"}],"wp:attachment":[{"href":"https:\/\/fontenilles-vtt.fr\/wp\/index.php?rest_route=%2Fwp%2Fv2%2Fmedia&parent=2537"}],"curies":[{"name":"wp","href":"https:\/\/api.w.org\/{rel}","templated":true}]}}