{"id":3396,"date":"2018-07-06T09:41:54","date_gmt":"2018-07-06T07:41:54","guid":{"rendered":"https:\/\/fontenilles-vtt.fr\/wp\/?page_id=3396"},"modified":"2018-10-09T10:38:00","modified_gmt":"2018-10-09T08:38:00","slug":"week-end-club-ete-2018-a-sorede","status":"publish","type":"page","link":"https:\/\/fontenilles-vtt.fr\/wp\/?page_id=3396","title":{"rendered":"Week-End Club \u00e9t\u00e9 2018 \u00e0 Sor\u00e8de"},"content":{"rendered":"<p>Cet \u00e9t\u00e9, apr\u00e8s le Week-End club de l&rsquo;automne \u00e0 l&rsquo;Ainsa, nous avons opt\u00e9 pour du sec \u00e0 coup sur, et donc direction Argel\u00e8s\/Sor\u00e8de pour d\u00e9couvrir le massif des Alb\u00e8res.<\/p>\n<p>Comme d&rsquo;habitude, 3 jours de VTT, bi\u00e8res et bouffes nous attendent.<\/p>\n<p>Le lieu: camping des micocouliers \u00e0 Sor\u00e8de, avec 4 bungalows confortables, une piscine, le tout pour h\u00e9berger 14 riders.<\/p>\n<p>Jour 1<\/p>\n<p>Vendredi sous le cagnard, avec une \u00e9quipe r\u00e9duite pour la premi\u00e8re sortie.<\/p>\n<p style=\"font-weight: 400;\">Nous \u00e9tions 9 cet apr\u00e8s-midi du vendredi, fraichement arriv\u00e9s de notre chef lieu de Fontenilles.<\/p>\n<p style=\"font-weight: 400;\">Apr\u00e8s un premier d\u00e9jeuner pris ensemble, nous voila partis sur la 1\u00e8re trace sur le coup des 13h00.<\/p>\n<p style=\"font-weight: 400;\">Les perspectives se montrent int\u00e9ressantes: nous devons monter tout l\u00e0 haut, \u00e0 la limite de la fronti\u00e8re Espagnol, et puis, et puis redescendre.<\/p>\n<p style=\"font-weight: 400;\">La premi\u00e8re \u00e9tape se passe bien. Nous attaquons un chemin de montagne, plut\u00f4t carrossable, avec une pente importante mais juste comme il faut.<\/p>\n<p style=\"font-weight: 400;\">Les premiers \u00e9carts se creusent rapidement et nous donne l&rsquo;\u00e9tat de forme de chacun. Patrick avec son VAE est \u00e0 la f\u00eate et tient la t\u00eate avec Lolo et Florent.<\/p>\n<p style=\"font-weight: 400;\">Nous montons ainsi pendant presque 2 heure et une quinzaine de km sur ce sentier. En chemin, nous nous dispersons: Florent et Lolo partent en reconnaissance sur les sommets, et Nicolas en profite pour partir seul et se trompe de chemin. Pour l&rsquo;autre groupe compos\u00e9 de Thomas, Patrick, Philippe F, Guillaume, Philippe P et moi m\u00eame, nous nous retrouvons sur les alpages des vaches et nous sommes oblig\u00e9s de finir en poussant notre monture jusqu&rsquo;au sommet. La vue est magnifique: nous sommes \u00e0 quelques m\u00e8tres de la fronti\u00e8re et avec une super vue sur la pleine espagnole.<\/p>\n<p style=\"font-weight: 400;\">Une petite pause pour le 4 heures et nous retrouvons le reste de l&rsquo;\u00e9quipe qui nous attend un peu plus loin. L&rsquo;ascension n&rsquo;est pas compl\u00e8tement termin\u00e9e; encore un troupeau de vaches qui nous attends au sommet. Elles sont si paisibles que nous pouvons les toucher sans quelle ne bronchent.<\/p>\n<p style=\"font-weight: 400;\">La descente commence et les probl\u00e8mes avec. Tout d&rsquo;abord une p\u00e2ture qui, d\u00e9fonc\u00e9e par les sabots des vaches, nous fait trembler de toute part.<\/p>\n<p style=\"font-weight: 400;\">Ensuite, ce sont les singles qui commencent, assez \u00e9troits mais surtout bond\u00e9s de cailloux; des petits, des gros et de tr\u00e8s gros m\u00eame, nous obligent \u00e0 mettre pied \u00e0 terre pour les franchir.<\/p>\n<p style=\"font-weight: 400;\">Dur dur, surtout pour Patrick et son VAE. Nous descendons ainsi \u00e0 travers ces sentiers escarp\u00e9s. Lolo se d\u00e9concentrent et nous fait \u00e0 2 reprises une figure ensoleill\u00e9e. Les paysages sont d\u00e9concertants et le relief ne nous facilite pas la tache. Nous apercevons \u00e0 moment donn\u00e9 un port qui doit \u00eatre celui de Collioure. Pas le temps de fl\u00e2ner, la route est encore longue. Pourvu qu&rsquo;on arrive avant que la piscine ne ferme. En d\u00e9finitive, nous avons mis plus de temps pour descendre que pour monter. Il n&rsquo;y a que dans les Alb\u00e8res que nous avons vu \u00e7a.<\/p>\n<p style=\"font-weight: 400;\">Nous arrivons enfin sur une route, plus ou moins proche de Sor\u00e8de et nous d\u00e9cidons de la suivre pour mettre fin \u00e0 notre interminable descente.<\/p>\n<p style=\"font-weight: 400;\">Il est 19h30, trop tard pour la piscine; nous remettrons \u00e7a \u00e0 demain.<\/p>\n<p style=\"font-weight: 400;\">Au final, 34 km pour 1260 de D+, ce n&rsquo;est pas mal pour une premi\u00e8re, mais bon c&rsquo;est dur le VTT dans les Alb\u00e8res, et pas forc\u00e9ment qu&rsquo;en montant.<\/p>\n<p>Jour 2<\/p>\n<p>Cette fois, c&rsquo;est bon tout le monde&nbsp; sauf Lolo qui a d\u00fb capituler apr\u00e8s ses chutes de la veille. D\u00e8s le d\u00e9part, \u00e7a fait mal, avec un premier mur de 900m de D+. Rapidement, Patrick nous abandonne \u00e0 cause d&rsquo;un probl\u00e8me de batterie, les autres s&rsquo;\u00e9parpillent dans la mont\u00e9e, Florent en t\u00eate, chacun \u00e0 son rythme. Quelques pauses au pied du ruisseau quand il fait trop chaud, et nous arrivons au premier col. La descente qui suit est fantastique, mais tr\u00e8s tr\u00e8s raide et dure techniquement. Les chutes se suivent sans se ressembler, mais pas de bobo, et on d\u00e9couvre les talents de descendeurs de Thom et Castor.<\/p>\n<p>Arriv\u00e9s en bas, pause repas avant de repartir pour un deuxi\u00e8me assaut similaire. De nouveau Florent prend le large, suivi de pas si loin par Lionel, en pleine forme. Le reste du groupe arrive au compte goutte, avec une vue \u00e9norme sur l&rsquo;Espagne et la France. La descente qui suit est encore plus engag\u00e9e, et les organismes fatigu\u00e9s. Seuls Castor et Thom y prennent du plaisir, les passages \u00e0 c\u00f4t\u00e9 du v\u00e9lo se faisant de plus en plus nombreux au fur et \u00e0 mesure.<\/p>\n<p>C&rsquo;est \u00e9puis\u00e9s, mais assez contents de nous que nous rejoignons le camp de base avec une sortie en moyenne horaire inf\u00e9rieure \u00e0 8km\/h pauses d\u00e9duites&#8230; si si, vous ne r\u00eavez pas. Pr\u00eat de 2000m de D+ pour \u00e0 peine 46km pourtant.<\/p>\n<p>Au repas, Rougail Frassetto d\u00e9gust\u00e9 avec plaisir.<\/p>\n<p>Jour 3<\/p>\n<p style=\"font-weight: 400;\">Dimanche, toujours aussi beau et chaud que les jours pr\u00e9c\u00e9dents. Le GO du groupe nous am\u00e8ne sur le site de Valmy juste \u00e0 c\u00f4t\u00e9 d\u2019Argeles&nbsp;: un vrai site de VTT et donc on esp\u00e8re tous un terrain de jeu plus roulant et abordable sur les jours pr\u00e9c\u00e9dents<\/p>\n<p style=\"font-weight: 400;\">Il y a quelques km de routes entre le camping et le site de Valmy, cela permet \u00e0 tout le monde de se chauffer les jambes (ou bien de faire passer les courbatures de la veille et avant-veille).<\/p>\n<p style=\"font-weight: 400;\">Nous ne respectons pas le programme initial (2 boucles, quelques 30km pour plus de 1000D+) car on sent bien que les mont\u00e9es sont plus difficiles que les autres jours. Arriv\u00e9e au sommet de la premier descente, des locaux nous conseillent&nbsp;: par la gauche, la descente est tr\u00e8s technique et engag\u00e9e, par la droite, c\u2019est plus ludique et \u00ab&nbsp;facile&nbsp;\u00bb\u2026.va pour la droite&nbsp;\u00e0 la majorit\u00e9&nbsp;!<\/p>\n<p style=\"font-weight: 400;\">La descente ludique et facile est d\u00e9j\u00e0 une bonne grosse descente d\u2019Enduro\/DH\u2026.on se fait mettre minable par quelques sp\u00e9cimens locaux qui nous d\u00e9montrent que cela passe\u2026.tout en vitesse et en survol des obstacles. C\u2019est facile pour eux, ils connaissent le terrain par c\u0153ur&nbsp;J&nbsp;!<\/p>\n<p style=\"font-weight: 400;\">&nbsp;<\/p>\n<p style=\"font-weight: 400;\">Lors de la descente, Seb fait une bonne grosse chute\u2026r\u00e9sultat&nbsp;: bonnes entailles sur le genou et le frein avant en vrac&nbsp;! Ca refroidit un peu tout le monde et on finit gentiment la descente avec quelques singles tr\u00e8s sympas.<\/p>\n<p style=\"font-weight: 400;\">Un petit tour chez les pompiers pour soigner le genou de Seb et tout le monde rentre au camping pour plier les gaules et reprendre la direction de Toulouse\u2026.c\u2019est la fin de ce super WE VTT dans le massif des Alberes&nbsp;!&#8230;.prochain WE club pour le Roc d\u2019Azur d\u00e9but Octobre&nbsp;!<\/p>\n<p style=\"font-weight: 400;\"><a href=\"https:\/\/i0.wp.com\/fontenilles-vtt.fr\/wp\/wp-content\/uploads\/2018\/07\/IMG_0015.jpg?ssl=1\"><img data-recalc-dims=\"1\" loading=\"lazy\" decoding=\"async\" data-attachment-id=\"3397\" data-permalink=\"https:\/\/fontenilles-vtt.fr\/wp\/?attachment_id=3397\" data-orig-file=\"https:\/\/i0.wp.com\/fontenilles-vtt.fr\/wp\/wp-content\/uploads\/2018\/07\/IMG_0015.jpg?fit=2049%2C1537&amp;ssl=1\" data-orig-size=\"2049,1537\" data-comments-opened=\"1\" data-image-meta=\"{&quot;aperture&quot;:&quot;2.2&quot;,&quot;credit&quot;:&quot;&quot;,&quot;camera&quot;:&quot;iPhone 6s&quot;,&quot;caption&quot;:&quot;&quot;,&quot;created_timestamp&quot;:&quot;1529753264&quot;,&quot;copyright&quot;:&quot;&quot;,&quot;focal_length&quot;:&quot;4.15&quot;,&quot;iso&quot;:&quot;25&quot;,&quot;shutter_speed&quot;:&quot;0.008130081300813&quot;,&quot;title&quot;:&quot;&quot;,&quot;orientation&quot;:&quot;1&quot;}\" data-image-title=\"IMG_0015\" data-image-description=\"\" data-image-caption=\"\" data-medium-file=\"https:\/\/i0.wp.com\/fontenilles-vtt.fr\/wp\/wp-content\/uploads\/2018\/07\/IMG_0015.jpg?fit=300%2C225&amp;ssl=1\" data-large-file=\"https:\/\/i0.wp.com\/fontenilles-vtt.fr\/wp\/wp-content\/uploads\/2018\/07\/IMG_0015.jpg?fit=590%2C443&amp;ssl=1\" class=\"aligncenter size-large wp-image-3397\" src=\"https:\/\/i0.wp.com\/fontenilles-vtt.fr\/wp\/wp-content\/uploads\/2018\/07\/IMG_0015.jpg?resize=590%2C443&#038;ssl=1\" alt=\"\" width=\"590\" height=\"443\" srcset=\"https:\/\/i0.wp.com\/fontenilles-vtt.fr\/wp\/wp-content\/uploads\/2018\/07\/IMG_0015.jpg?resize=1024%2C768&amp;ssl=1 1024w, https:\/\/i0.wp.com\/fontenilles-vtt.fr\/wp\/wp-content\/uploads\/2018\/07\/IMG_0015.jpg?resize=300%2C225&amp;ssl=1 300w, https:\/\/i0.wp.com\/fontenilles-vtt.fr\/wp\/wp-content\/uploads\/2018\/07\/IMG_0015.jpg?resize=768%2C576&amp;ssl=1 768w, https:\/\/i0.wp.com\/fontenilles-vtt.fr\/wp\/wp-content\/uploads\/2018\/07\/IMG_0015.jpg?w=1180&amp;ssl=1 1180w, https:\/\/i0.wp.com\/fontenilles-vtt.fr\/wp\/wp-content\/uploads\/2018\/07\/IMG_0015.jpg?w=1770&amp;ssl=1 1770w\" sizes=\"(max-width: 590px) 100vw, 590px\" \/><\/a> <a href=\"https:\/\/i0.wp.com\/fontenilles-vtt.fr\/wp\/wp-content\/uploads\/2018\/07\/IMG_0014.jpg?ssl=1\"><img data-recalc-dims=\"1\" loading=\"lazy\" decoding=\"async\" data-attachment-id=\"3398\" data-permalink=\"https:\/\/fontenilles-vtt.fr\/wp\/?attachment_id=3398\" data-orig-file=\"https:\/\/i0.wp.com\/fontenilles-vtt.fr\/wp\/wp-content\/uploads\/2018\/07\/IMG_0014.jpg?fit=1537%2C2049&amp;ssl=1\" data-orig-size=\"1537,2049\" data-comments-opened=\"1\" data-image-meta=\"{&quot;aperture&quot;:&quot;2.2&quot;,&quot;credit&quot;:&quot;&quot;,&quot;camera&quot;:&quot;iPhone 6s&quot;,&quot;caption&quot;:&quot;&quot;,&quot;created_timestamp&quot;:&quot;1529704240&quot;,&quot;copyright&quot;:&quot;&quot;,&quot;focal_length&quot;:&quot;4.15&quot;,&quot;iso&quot;:&quot;1250&quot;,&quot;shutter_speed&quot;:&quot;0.058823529411765&quot;,&quot;title&quot;:&quot;&quot;,&quot;orientation&quot;:&quot;0&quot;}\" data-image-title=\"IMG_0014\" data-image-description=\"\" data-image-caption=\"\" data-medium-file=\"https:\/\/i0.wp.com\/fontenilles-vtt.fr\/wp\/wp-content\/uploads\/2018\/07\/IMG_0014.jpg?fit=180%2C240&amp;ssl=1\" data-large-file=\"https:\/\/i0.wp.com\/fontenilles-vtt.fr\/wp\/wp-content\/uploads\/2018\/07\/IMG_0014.jpg?fit=576%2C768&amp;ssl=1\" class=\"aligncenter size-large wp-image-3398\" src=\"https:\/\/i0.wp.com\/fontenilles-vtt.fr\/wp\/wp-content\/uploads\/2018\/07\/IMG_0014.jpg?resize=576%2C768&#038;ssl=1\" alt=\"\" width=\"576\" height=\"768\" srcset=\"https:\/\/i0.wp.com\/fontenilles-vtt.fr\/wp\/wp-content\/uploads\/2018\/07\/IMG_0014.jpg?resize=576%2C768&amp;ssl=1 576w, https:\/\/i0.wp.com\/fontenilles-vtt.fr\/wp\/wp-content\/uploads\/2018\/07\/IMG_0014.jpg?resize=180%2C240&amp;ssl=1 180w, https:\/\/i0.wp.com\/fontenilles-vtt.fr\/wp\/wp-content\/uploads\/2018\/07\/IMG_0014.jpg?resize=768%2C1024&amp;ssl=1 768w, https:\/\/i0.wp.com\/fontenilles-vtt.fr\/wp\/wp-content\/uploads\/2018\/07\/IMG_0014.jpg?w=1537&amp;ssl=1 1537w, https:\/\/i0.wp.com\/fontenilles-vtt.fr\/wp\/wp-content\/uploads\/2018\/07\/IMG_0014.jpg?w=1180&amp;ssl=1 1180w\" sizes=\"(max-width: 576px) 100vw, 576px\" \/><\/a> <a href=\"https:\/\/i0.wp.com\/fontenilles-vtt.fr\/wp\/wp-content\/uploads\/2018\/07\/IMG_0013.jpg?ssl=1\"><img data-recalc-dims=\"1\" loading=\"lazy\" decoding=\"async\" data-attachment-id=\"3399\" data-permalink=\"https:\/\/fontenilles-vtt.fr\/wp\/?attachment_id=3399\" data-orig-file=\"https:\/\/i0.wp.com\/fontenilles-vtt.fr\/wp\/wp-content\/uploads\/2018\/07\/IMG_0013.jpg?fit=2049%2C1537&amp;ssl=1\" data-orig-size=\"2049,1537\" data-comments-opened=\"1\" data-image-meta=\"{&quot;aperture&quot;:&quot;2.2&quot;,&quot;credit&quot;:&quot;&quot;,&quot;camera&quot;:&quot;iPhone 6s&quot;,&quot;caption&quot;:&quot;&quot;,&quot;created_timestamp&quot;:&quot;1529704226&quot;,&quot;copyright&quot;:&quot;&quot;,&quot;focal_length&quot;:&quot;4.15&quot;,&quot;iso&quot;:&quot;200&quot;,&quot;shutter_speed&quot;:&quot;0.058823529411765&quot;,&quot;title&quot;:&quot;&quot;,&quot;orientation&quot;:&quot;1&quot;}\" data-image-title=\"IMG_0013\" data-image-description=\"\" data-image-caption=\"\" data-medium-file=\"https:\/\/i0.wp.com\/fontenilles-vtt.fr\/wp\/wp-content\/uploads\/2018\/07\/IMG_0013.jpg?fit=300%2C225&amp;ssl=1\" data-large-file=\"https:\/\/i0.wp.com\/fontenilles-vtt.fr\/wp\/wp-content\/uploads\/2018\/07\/IMG_0013.jpg?fit=590%2C443&amp;ssl=1\" class=\"aligncenter size-large wp-image-3399\" src=\"https:\/\/i0.wp.com\/fontenilles-vtt.fr\/wp\/wp-content\/uploads\/2018\/07\/IMG_0013.jpg?resize=590%2C443&#038;ssl=1\" alt=\"\" width=\"590\" height=\"443\" srcset=\"https:\/\/i0.wp.com\/fontenilles-vtt.fr\/wp\/wp-content\/uploads\/2018\/07\/IMG_0013.jpg?resize=1024%2C768&amp;ssl=1 1024w, https:\/\/i0.wp.com\/fontenilles-vtt.fr\/wp\/wp-content\/uploads\/2018\/07\/IMG_0013.jpg?resize=300%2C225&amp;ssl=1 300w, https:\/\/i0.wp.com\/fontenilles-vtt.fr\/wp\/wp-content\/uploads\/2018\/07\/IMG_0013.jpg?resize=768%2C576&amp;ssl=1 768w, https:\/\/i0.wp.com\/fontenilles-vtt.fr\/wp\/wp-content\/uploads\/2018\/07\/IMG_0013.jpg?w=1180&amp;ssl=1 1180w, https:\/\/i0.wp.com\/fontenilles-vtt.fr\/wp\/wp-content\/uploads\/2018\/07\/IMG_0013.jpg?w=1770&amp;ssl=1 1770w\" sizes=\"(max-width: 590px) 100vw, 590px\" \/><\/a> <a href=\"https:\/\/i0.wp.com\/fontenilles-vtt.fr\/wp\/wp-content\/uploads\/2018\/07\/IMG_0010.jpg?ssl=1\"><img data-recalc-dims=\"1\" loading=\"lazy\" decoding=\"async\" data-attachment-id=\"3400\" data-permalink=\"https:\/\/fontenilles-vtt.fr\/wp\/?attachment_id=3400\" data-orig-file=\"https:\/\/i0.wp.com\/fontenilles-vtt.fr\/wp\/wp-content\/uploads\/2018\/07\/IMG_0010.jpg?fit=1537%2C2049&amp;ssl=1\" data-orig-size=\"1537,2049\" data-comments-opened=\"1\" data-image-meta=\"{&quot;aperture&quot;:&quot;2.2&quot;,&quot;credit&quot;:&quot;&quot;,&quot;camera&quot;:&quot;iPhone 6s&quot;,&quot;caption&quot;:&quot;&quot;,&quot;created_timestamp&quot;:&quot;1529691382&quot;,&quot;copyright&quot;:&quot;&quot;,&quot;focal_length&quot;:&quot;4.15&quot;,&quot;iso&quot;:&quot;25&quot;,&quot;shutter_speed&quot;:&quot;0.00049407114624506&quot;,&quot;title&quot;:&quot;&quot;,&quot;orientation&quot;:&quot;0&quot;}\" data-image-title=\"IMG_0010\" data-image-description=\"\" data-image-caption=\"\" data-medium-file=\"https:\/\/i0.wp.com\/fontenilles-vtt.fr\/wp\/wp-content\/uploads\/2018\/07\/IMG_0010.jpg?fit=180%2C240&amp;ssl=1\" data-large-file=\"https:\/\/i0.wp.com\/fontenilles-vtt.fr\/wp\/wp-content\/uploads\/2018\/07\/IMG_0010.jpg?fit=576%2C768&amp;ssl=1\" class=\"aligncenter size-large wp-image-3400\" src=\"https:\/\/i0.wp.com\/fontenilles-vtt.fr\/wp\/wp-content\/uploads\/2018\/07\/IMG_0010.jpg?resize=576%2C768&#038;ssl=1\" alt=\"\" width=\"576\" height=\"768\" srcset=\"https:\/\/i0.wp.com\/fontenilles-vtt.fr\/wp\/wp-content\/uploads\/2018\/07\/IMG_0010.jpg?resize=576%2C768&amp;ssl=1 576w, https:\/\/i0.wp.com\/fontenilles-vtt.fr\/wp\/wp-content\/uploads\/2018\/07\/IMG_0010.jpg?resize=180%2C240&amp;ssl=1 180w, https:\/\/i0.wp.com\/fontenilles-vtt.fr\/wp\/wp-content\/uploads\/2018\/07\/IMG_0010.jpg?resize=768%2C1024&amp;ssl=1 768w, https:\/\/i0.wp.com\/fontenilles-vtt.fr\/wp\/wp-content\/uploads\/2018\/07\/IMG_0010.jpg?w=1537&amp;ssl=1 1537w, https:\/\/i0.wp.com\/fontenilles-vtt.fr\/wp\/wp-content\/uploads\/2018\/07\/IMG_0010.jpg?w=1180&amp;ssl=1 1180w\" sizes=\"(max-width: 576px) 100vw, 576px\" \/><\/a> <a href=\"https:\/\/i0.wp.com\/fontenilles-vtt.fr\/wp\/wp-content\/uploads\/2018\/07\/IMG_0007.jpg?ssl=1\"><img data-recalc-dims=\"1\" loading=\"lazy\" decoding=\"async\" data-attachment-id=\"3401\" data-permalink=\"https:\/\/fontenilles-vtt.fr\/wp\/?attachment_id=3401\" data-orig-file=\"https:\/\/i0.wp.com\/fontenilles-vtt.fr\/wp\/wp-content\/uploads\/2018\/07\/IMG_0007.jpg?fit=2049%2C1537&amp;ssl=1\" data-orig-size=\"2049,1537\" data-comments-opened=\"1\" data-image-meta=\"{&quot;aperture&quot;:&quot;2.2&quot;,&quot;credit&quot;:&quot;&quot;,&quot;camera&quot;:&quot;iPhone 6s&quot;,&quot;caption&quot;:&quot;&quot;,&quot;created_timestamp&quot;:&quot;1529686044&quot;,&quot;copyright&quot;:&quot;&quot;,&quot;focal_length&quot;:&quot;4.15&quot;,&quot;iso&quot;:&quot;25&quot;,&quot;shutter_speed&quot;:&quot;0.0006631299734748&quot;,&quot;title&quot;:&quot;&quot;,&quot;orientation&quot;:&quot;1&quot;}\" data-image-title=\"IMG_0007\" data-image-description=\"\" data-image-caption=\"\" data-medium-file=\"https:\/\/i0.wp.com\/fontenilles-vtt.fr\/wp\/wp-content\/uploads\/2018\/07\/IMG_0007.jpg?fit=300%2C225&amp;ssl=1\" data-large-file=\"https:\/\/i0.wp.com\/fontenilles-vtt.fr\/wp\/wp-content\/uploads\/2018\/07\/IMG_0007.jpg?fit=590%2C443&amp;ssl=1\" class=\"aligncenter size-large wp-image-3401\" src=\"https:\/\/i0.wp.com\/fontenilles-vtt.fr\/wp\/wp-content\/uploads\/2018\/07\/IMG_0007.jpg?resize=590%2C443&#038;ssl=1\" alt=\"\" width=\"590\" height=\"443\" srcset=\"https:\/\/i0.wp.com\/fontenilles-vtt.fr\/wp\/wp-content\/uploads\/2018\/07\/IMG_0007.jpg?resize=1024%2C768&amp;ssl=1 1024w, https:\/\/i0.wp.com\/fontenilles-vtt.fr\/wp\/wp-content\/uploads\/2018\/07\/IMG_0007.jpg?resize=300%2C225&amp;ssl=1 300w, https:\/\/i0.wp.com\/fontenilles-vtt.fr\/wp\/wp-content\/uploads\/2018\/07\/IMG_0007.jpg?resize=768%2C576&amp;ssl=1 768w, https:\/\/i0.wp.com\/fontenilles-vtt.fr\/wp\/wp-content\/uploads\/2018\/07\/IMG_0007.jpg?w=1180&amp;ssl=1 1180w, https:\/\/i0.wp.com\/fontenilles-vtt.fr\/wp\/wp-content\/uploads\/2018\/07\/IMG_0007.jpg?w=1770&amp;ssl=1 1770w\" sizes=\"(max-width: 590px) 100vw, 590px\" \/><\/a><\/p>\n","protected":false},"excerpt":{"rendered":"<p>Cet \u00e9t\u00e9, apr\u00e8s le Week-End club de l&rsquo;automne \u00e0 l&rsquo;Ainsa, nous avons opt\u00e9 pour du sec \u00e0 coup sur, et donc direction Argel\u00e8s\/Sor\u00e8de pour d\u00e9couvrir le massif des Alb\u00e8res. Comme&#8230; <\/p>\n<div class=\"read-more\"><a href=\"https:\/\/fontenilles-vtt.fr\/wp\/?page_id=3396\">Lire la suite<\/a><\/div>\n","protected":false},"author":1,"featured_media":0,"parent":3542,"menu_order":0,"comment_status":"closed","ping_status":"closed","template":"","meta":{"om_disable_all_campaigns":false,"_monsterinsights_skip_tracking":false,"_monsterinsights_sitenote_active":false,"_monsterinsights_sitenote_note":"","_monsterinsights_sitenote_category":0,"ngg_post_thumbnail":0,"jetpack_post_was_ever_published":false,"footnotes":""},"aioseo_notices":[],"jetpack_sharing_enabled":true,"jetpack_shortlink":"https:\/\/wp.me\/P9SYmx-SM","jetpack-related-posts":[],"post_mailing_queue_ids":[],"_links":{"self":[{"href":"https:\/\/fontenilles-vtt.fr\/wp\/index.php?rest_route=\/wp\/v2\/pages\/3396"}],"collection":[{"href":"https:\/\/fontenilles-vtt.fr\/wp\/index.php?rest_route=\/wp\/v2\/pages"}],"about":[{"href":"https:\/\/fontenilles-vtt.fr\/wp\/index.php?rest_route=\/wp\/v2\/types\/page"}],"author":[{"embeddable":true,"href":"https:\/\/fontenilles-vtt.fr\/wp\/index.php?rest_route=\/wp\/v2\/users\/1"}],"replies":[{"embeddable":true,"href":"https:\/\/fontenilles-vtt.fr\/wp\/index.php?rest_route=%2Fwp%2Fv2%2Fcomments&post=3396"}],"version-history":[{"count":2,"href":"https:\/\/fontenilles-vtt.fr\/wp\/index.php?rest_route=\/wp\/v2\/pages\/3396\/revisions"}],"predecessor-version":[{"id":3403,"href":"https:\/\/fontenilles-vtt.fr\/wp\/index.php?rest_route=\/wp\/v2\/pages\/3396\/revisions\/3403"}],"up":[{"embeddable":true,"href":"https:\/\/fontenilles-vtt.fr\/wp\/index.php?rest_route=\/wp\/v2\/pages\/3542"}],"wp:attachment":[{"href":"https:\/\/fontenilles-vtt.fr\/wp\/index.php?rest_route=%2Fwp%2Fv2%2Fmedia&parent=3396"}],"curies":[{"name":"wp","href":"https:\/\/api.w.org\/{rel}","templated":true}]}}