{"id":414,"date":"2010-05-27T23:14:55","date_gmt":"2010-05-27T21:14:55","guid":{"rendered":"http:\/\/fontenillesvtt.fr\/wp\/?page_id=414"},"modified":"2023-09-19T08:37:41","modified_gmt":"2023-09-19T06:37:41","slug":"la-vie-du-club","status":"publish","type":"page","link":"https:\/\/fontenilles-vtt.fr\/wp\/?page_id=414","title":{"rendered":"La vie du club"},"content":{"rendered":"<h2>Qui sommes-nous?<\/h2>\n<p>Un club VTT de Haute-Garonne (association sportive) bas\u00e9 dans la commune de Fontenilles constitu\u00e9 par un&nbsp; groupe de passionn\u00e9s de VTT qui s\u2019agrandit doucement dans un esprit sportif, convivial et festif !<\/p>\n<p>Nous sommes environ 40 au Club. L&rsquo;esprit est avant tout un club o\u00f9 la convivialit\u00e9 tient la premi\u00e8re place avant le chrono \ud83d\ude09<\/p>\n<p>Nous sommes une bande d&rsquo;amis qui s&rsquo;\u00e9largit d&rsquo;ann\u00e9e en ann\u00e9e. Le niveau n&rsquo;est pas homog\u00e8ne sauf peut-\u00eatre \u00e0 table. Certains privil\u00e9gient les sorties locales d&rsquo;une trentaine de kilom\u00e8tre, d&rsquo;autres n\u2019h\u00e9sitent pas \u00e0 faire des \u00e9preuves de plus de 100 km en montagne.<\/p>\n<p>Les moments clef de la saison sont:<\/p>\n<ul>\n<li>Les <a href=\"https:\/\/fontenilles-vtt.fr\/wp\/?page_id=9\" target=\"_blank\" rel=\"noopener noreferrer\">C\u00f4tes Gasconnes<\/a>&nbsp;, notre randonn\u00e9e annuelle.<\/li>\n<li>Deux ou trois <a href=\"https:\/\/fontenilles-vtt.fr\/wp\/?page_id=3542\" target=\"_blank\" rel=\"noopener noreferrer\">week-end Club<\/a><\/li>\n<\/ul>\n<p>Chaque personne ayant adh\u00e9r\u00e9e \u00e0 l&rsquo;association (voir les formalit\u00e9s&nbsp;<a href=\"https:\/\/fontenilles-vtt.fr\/wp\/?page_id=2537\" target=\"_blank\" rel=\"noopener noreferrer\">ici<\/a>) s&rsquo;engage \u00e0 <strong>participer activement<\/strong> \u00e0 l\u2019organisation des C\u00f4tes Gasconnes. Avec de 700 \u00e0 1000 participants (VTT, Gravel et marche\/trail), il faut du monde et de l&rsquo;investissement personnel (quelques demi-journ\u00e9es de d\u00e9broussaillage, des coups de mains ici et l\u00e0 et surtout les <strong>2 jours<\/strong> du week-end de la rando).<\/p>\n<p>Pour r\u00e9compenser les membres actifs, nous organisons ensuite les week-end VTT. Toujours une tr\u00e8s grande r\u00e9ussite !<\/p>\n<p>L\u2019ann\u00e9e se jalonne aussi d&rsquo;autres rendez vous; Assembl\u00e9e g\u00e9n\u00e9rale, T\u00e9l\u00e9thon, Galette des rois&#8230;<\/p>\n<h2>Notre identit\u00e9<\/h2>\n<p>Nous ne jurons que par une seule couleur, le Orange !<\/p>\n<p>D&rsquo;ailleurs, chaque membre pourra investir dans une tenue aux couleurs du Club :<\/p>\n<p><a href=\"https:\/\/i0.wp.com\/fontenilles-vtt.fr\/wp\/wp-content\/uploads\/2023\/09\/GOBIK.jpg?ssl=1\"><img data-recalc-dims=\"1\" loading=\"lazy\" decoding=\"async\" data-attachment-id=\"5028\" data-permalink=\"https:\/\/fontenilles-vtt.fr\/wp\/?attachment_id=5028\" data-orig-file=\"https:\/\/i0.wp.com\/fontenilles-vtt.fr\/wp\/wp-content\/uploads\/2023\/09\/GOBIK.jpg?fit=1547%2C543&amp;ssl=1\" data-orig-size=\"1547,543\" data-comments-opened=\"1\" data-image-meta=\"{&quot;aperture&quot;:&quot;0&quot;,&quot;credit&quot;:&quot;&quot;,&quot;camera&quot;:&quot;&quot;,&quot;caption&quot;:&quot;&quot;,&quot;created_timestamp&quot;:&quot;0&quot;,&quot;copyright&quot;:&quot;&quot;,&quot;focal_length&quot;:&quot;0&quot;,&quot;iso&quot;:&quot;0&quot;,&quot;shutter_speed&quot;:&quot;0&quot;,&quot;title&quot;:&quot;&quot;,&quot;orientation&quot;:&quot;0&quot;}\" data-image-title=\"GOBIK\" data-image-description=\"\" data-image-caption=\"\" data-medium-file=\"https:\/\/i0.wp.com\/fontenilles-vtt.fr\/wp\/wp-content\/uploads\/2023\/09\/GOBIK.jpg?fit=300%2C105&amp;ssl=1\" data-large-file=\"https:\/\/i0.wp.com\/fontenilles-vtt.fr\/wp\/wp-content\/uploads\/2023\/09\/GOBIK.jpg?fit=590%2C207&amp;ssl=1\" class=\"aligncenter  wp-image-5028\" src=\"https:\/\/i0.wp.com\/fontenilles-vtt.fr\/wp\/wp-content\/uploads\/2023\/09\/GOBIK.jpg?resize=590%2C207&#038;ssl=1\" alt=\"\" width=\"590\" height=\"207\" srcset=\"https:\/\/i0.wp.com\/fontenilles-vtt.fr\/wp\/wp-content\/uploads\/2023\/09\/GOBIK.jpg?w=1547&amp;ssl=1 1547w, https:\/\/i0.wp.com\/fontenilles-vtt.fr\/wp\/wp-content\/uploads\/2023\/09\/GOBIK.jpg?resize=300%2C105&amp;ssl=1 300w, https:\/\/i0.wp.com\/fontenilles-vtt.fr\/wp\/wp-content\/uploads\/2023\/09\/GOBIK.jpg?resize=1024%2C359&amp;ssl=1 1024w, https:\/\/i0.wp.com\/fontenilles-vtt.fr\/wp\/wp-content\/uploads\/2023\/09\/GOBIK.jpg?resize=768%2C270&amp;ssl=1 768w, https:\/\/i0.wp.com\/fontenilles-vtt.fr\/wp\/wp-content\/uploads\/2023\/09\/GOBIK.jpg?resize=1536%2C539&amp;ssl=1 1536w, https:\/\/i0.wp.com\/fontenilles-vtt.fr\/wp\/wp-content\/uploads\/2023\/09\/GOBIK.jpg?w=1180&amp;ssl=1 1180w\" sizes=\"(max-width: 590px) 100vw, 590px\" \/><\/a><\/p>\n<p>&nbsp;<\/p>\n<h2 style=\"text-align: left;\">Le fonctionnement des sorties<\/h2>\n<p>Le club fait r\u00e9guli\u00e8rement une sortie locale le dimanche matin avec rendez-vous \u00e0 9h au <a href=\"https:\/\/goo.gl\/maps\/2wg6j4Th9hr\" target=\"_blank\" rel=\"noopener noreferrer\">stade de Fontenilles<\/a> (voire 8h30 l&rsquo;\u00e9t\u00e9). Nous participons \u00e9galement aux randonn\u00e9es organis\u00e9es des environs voire plus (Cap Nore, Roc d&rsquo;Azur&#8230;).<\/p>\n<p>Les sorties sont propos\u00e9es par les membres gr\u00e2ce \u00e0 2 moyens de communication; liste de diffusion Gmail et surtout un groupe WhatsApp (tr\u00e8s pratique). Les deux sont r\u00e9serv\u00e9s aux membres. Certains de nos exploits sont visibles sur <a href=\"https:\/\/www.strava.com\/clubs\/Fontenilles_VTT\" target=\"_blank\" rel=\"noopener noreferrer\">Strava<\/a> (club Strava r\u00e9serv\u00e9 aux adh\u00e9rents de l&rsquo;association).<\/p>\n<p><iframe loading=\"lazy\" src=\"https:\/\/www.strava.com\/clubs\/122218\/latest-rides\/fded5445c4469072ab604a29babde5653e69690a?show_rides=true\" width=\"300\" height=\"454\" frameborder=\"0\" scrolling=\"no\"><\/iframe><\/p>\n<p>Il y a aussi un <a href=\"https:\/\/groups.google.com\/forum\/#!forum\/vttfontenilles\" target=\"_blank\" rel=\"noopener noreferrer\">groupe Google <\/a>\u00e9tendu \u00e0 toute personne qui souhaite nous suivre et \u00e9galement un site <a href=\"https:\/\/www.facebook.com\/fontenillesvtt\/\" target=\"_blank\" rel=\"noopener noreferrer\">Facebook.<\/a><\/p>\n<p>&nbsp;<\/p>\n","protected":false},"excerpt":{"rendered":"<p>Qui sommes-nous? Un club VTT de Haute-Garonne (association sportive) bas\u00e9 dans la commune de Fontenilles constitu\u00e9 par un&nbsp; groupe de passionn\u00e9s de VTT qui s\u2019agrandit doucement dans un esprit sportif,&#8230; <\/p>\n<div class=\"read-more\"><a href=\"https:\/\/fontenilles-vtt.fr\/wp\/?page_id=414\">Lire la suite<\/a><\/div>\n","protected":false},"author":1,"featured_media":0,"parent":2,"menu_order":1,"comment_status":"closed","ping_status":"closed","template":"","meta":{"om_disable_all_campaigns":false,"_monsterinsights_skip_tracking":false,"_monsterinsights_sitenote_active":false,"_monsterinsights_sitenote_note":"","_monsterinsights_sitenote_category":0,"ngg_post_thumbnail":0,"jetpack_post_was_ever_published":false,"footnotes":""},"aioseo_notices":[],"jetpack_sharing_enabled":true,"jetpack_shortlink":"https:\/\/wp.me\/P9SYmx-6G","jetpack-related-posts":[],"post_mailing_queue_ids":[],"_links":{"self":[{"href":"https:\/\/fontenilles-vtt.fr\/wp\/index.php?rest_route=\/wp\/v2\/pages\/414"}],"collection":[{"href":"https:\/\/fontenilles-vtt.fr\/wp\/index.php?rest_route=\/wp\/v2\/pages"}],"about":[{"href":"https:\/\/fontenilles-vtt.fr\/wp\/index.php?rest_route=\/wp\/v2\/types\/page"}],"author":[{"embeddable":true,"href":"https:\/\/fontenilles-vtt.fr\/wp\/index.php?rest_route=\/wp\/v2\/users\/1"}],"replies":[{"embeddable":true,"href":"https:\/\/fontenilles-vtt.fr\/wp\/index.php?rest_route=%2Fwp%2Fv2%2Fcomments&post=414"}],"version-history":[{"count":14,"href":"https:\/\/fontenilles-vtt.fr\/wp\/index.php?rest_route=\/wp\/v2\/pages\/414\/revisions"}],"predecessor-version":[{"id":5030,"href":"https:\/\/fontenilles-vtt.fr\/wp\/index.php?rest_route=\/wp\/v2\/pages\/414\/revisions\/5030"}],"up":[{"embeddable":true,"href":"https:\/\/fontenilles-vtt.fr\/wp\/index.php?rest_route=\/wp\/v2\/pages\/2"}],"wp:attachment":[{"href":"https:\/\/fontenilles-vtt.fr\/wp\/index.php?rest_route=%2Fwp%2Fv2%2Fmedia&parent=414"}],"curies":[{"name":"wp","href":"https:\/\/api.w.org\/{rel}","templated":true}]}}