{"id":998,"date":"2011-06-20T22:35:28","date_gmt":"2011-06-20T20:35:28","guid":{"rendered":"http:\/\/fontenillesvtt.fr\/wp\/?page_id=998"},"modified":"2024-08-29T17:03:16","modified_gmt":"2024-08-29T15:03:16","slug":"raid-2011-les-pre-inscrits","status":"publish","type":"page","link":"https:\/\/fontenilles-vtt.fr\/wp\/?page_id=998","title":{"rendered":"le r\u00e8glement"},"content":{"rendered":"<p><strong>R\u00c8GLEMENT <\/strong><strong style=\"font-size: inherit;\">COTES GASCONNES<\/strong><\/p>\n<p>Nature de la manifestation : Randonn\u00e9es VTT, p\u00e9destre et \u00e9preuves combin\u00e9es (V\u00e9tathlon).<\/p>\n<p>Les activit\u00e9s organis\u00e9es dans le cadre des <strong>C\u00f4tes Gasconnes<\/strong> sont mises en place en partenariat entre les associations <strong>FONTENILLES VTT<\/strong> et <strong>COURIR A FONTENILLES<\/strong>.<\/p>\n<p>La manifestation est ouverte aux licenci\u00e9s et non licenci\u00e9s aux conditions d\u00e9finies ci-dessous.<\/p>\n<p>Les licenci\u00e9s devront pr\u00e9senter leur licence ou une copie.<\/p>\n<p>Pour les non-licenci\u00e9s, la pr\u00e9sentation d\u2019un certificat m\u00e9dical de non contre-indication \u00e0 la pratique n\u2019est pas obligatoire pour participer aux activit\u00e9s mais elle est fortement conseill\u00e9e.<\/p>\n<p>&nbsp;Toutefois, \u00e0 titre pr\u00e9ventif, il est conseill\u00e9 aux participants de passer un examen m\u00e9dical pr\u00e9alable \u00e0 toute activit\u00e9.<\/p>\n<p>Les activit\u00e9s sont ouvertes \u00e0 tous \u00e0 partir de l\u2019\u00e2ge de 9 ans. L\u2019engagement des mineurs impose obligatoirement une autorisation parentale dont le formulaire est disponible \u00e0 l\u2019inscription ou sur le site internet de Fontenilles VTT.<\/p>\n<p>Les enfants de moins de 14 ans devront \u00eatre accompagn\u00e9s d\u2019un adulte participant ou participer \u00e0 la rando accompagn\u00e9e.<\/p>\n<p>Tout engagement dans l\u2019une des activit\u00e9s implique obligatoirement l\u2019acceptation expresse et sans r\u00e9serve du pr\u00e9sent r\u00e8glement par chaque participant.<\/p>\n<p>Le d\u00e9part et l\u2019arriv\u00e9e se font au stade de FONTENILLES pour l\u2019ensemble des activit\u00e9s.<\/p>\n<p>Diff\u00e9rentes longueurs de circuit sont propos\u00e9es de 20 \u00e0 55 km pour le VTT, 70 km pour le gravel et de 4 \u00e0 15 km pour le p\u00e9destre. Un V\u00e9tathlon, combinant p\u00e9destre (Trail) et VTT, est \u00e9galement propos\u00e9.&nbsp;<\/p>\n<p>Tous les circuits sont balis\u00e9s (fl\u00e9chage au sol et rubalise) sauf le parcours gravel pour lequel un fichier GPX pour navigation au GPS sera fournis aux participants sur le site web du club la veille du d\u00e9part.<\/p>\n<p>Le montant de l\u2019engagement VTT est : 12\u20ac et 6\u20ac pour les enfants de moins de 15 ans pour l\u2019inscription sur place et 11\u20ac\/5\u20ac pour l\u2019inscription en ligne.<\/p>\n<p>Au moins un ravitaillement est fourni sur chacun des circuits.<\/p>\n<p>Chaque participant cycliste recevra un verre Ecocup lors de son inscription et il devra l\u2019utiliser sur l\u2019ensemble des points de ravitaillement pour son usage exclusif et rendu \u00e0 la fin.<\/p>\n<p>Ce pr\u00e9sent r\u00e8glement et une feuille de route avec les diff\u00e9rents circuits disponibles seront affich\u00e9s dans la salle d\u2019inscription.<\/p>\n<p>Cette randonn\u00e9e n\u2019est pas une comp\u00e9tition, de fait il ne sera tenu aucun compte du temps mis \u00e0 effectuer le circuit.<\/p>\n<p>Les participants devront respecter les r\u00e8gles du Code de la Route ainsi que les Arr\u00eat\u00e9s municipaux des localit\u00e9s travers\u00e9es. Certains articles du Code de la Route concernent tout particuli\u00e8rement les cyclistes. Les participants sont invit\u00e9s \u00e0 les respecter scrupuleusement :<\/p>\n<ul>\n<li>Art R189 : les cyclistes ne doivent pas rouler \u00e0 plus de deux de front. Ils doivent se mettre sur une seule file d\u00e8s la chute du jour et dans tous les cas o\u00f9 les conditions de circulation l\u2019exigent, notamment lorsqu\u2019un v\u00e9hicule voulant les d\u00e9passer annonce son approche.<\/li>\n<li>Art R190 : les cyclistes doivent emprunter les bandes et pistes cyclables.<\/li>\n<li>Art R195 : D\u00e8s la chute du jour ou, de jour, lorsque les circonstances l\u2019exigent, tout cycle doit \u00eatre muni d\u2019une lanterne unique \u00e9mettant une lumi\u00e8re blanche vers l\u2019avant et d\u2019un feu rouge arri\u00e8re.<\/li>\n<\/ul>\n<p>Les groupes qui pourraient se former ne doivent pas d\u00e9passer 10 cyclistes et respecter un \u00e9cart minimum entre eux.<\/p>\n<p>Le port du casque est obligatoire pour tout participant.<\/p>\n<p>Pr\u00e9servez la beaut\u00e9 du site et ne laissez pas vos d\u00e9chets sur le parcours.<\/p>\n<p>L\u2019inscription vaut acceptation de l\u2019utilisation de mes coordonn\u00e9es (nom, pr\u00e9nom, email) par Fontenilles VTT pour les futures communications sur les C\u00f4tes Gasconnes.<\/p>\n<p>En cas de mauvaises conditions m\u00e9t\u00e9orologiques (pluie, brouillard\u2026) ou pour toute autre raison majeure, les organisateurs se r\u00e9servent le droit d\u2019annuler la randonn\u00e9e ou modifier les parcours, m\u00eame au dernier moment.<\/p>\n<p>Les VAE (v\u00e9lo \u00e0 Assistance Electrique) ne sont accept\u00e9s que s\u2019ils respectent la r\u00e8glementation en vigueur. Les VAE d\u00e9brid\u00e9s tout particuli\u00e8rement sont interdits sur les parcours.<\/p>\n<p>Les organisateurs d\u00e9clinent toutes responsabilit\u00e9s en cas de vol de v\u00e9lo, de bris de mat\u00e9riel et de d\u00e9gradations.<\/p>\n<p><strong>Nos t\u00e9l\u00e9phones<\/strong><\/p>\n<p><strong>Num\u00e9ro d\u2019urgence FONTENILLES VTT :&nbsp; 06 60 85 63 74 (Jean Luc DUVERNEUIL pr\u00e9sident Fontenilles VTT)<\/strong><\/p>\n<p><strong>Num\u00e9ro d\u2019urgence <\/strong><strong>CAF : 06 77 97 52 74<\/strong><\/p>\n<p><strong>Pompiers \/Samu&nbsp;: 112&nbsp;&nbsp;&nbsp;&nbsp;&nbsp;&nbsp;&nbsp;&nbsp;&nbsp;&nbsp;&nbsp;&nbsp;&nbsp;&nbsp;&nbsp;&nbsp;&nbsp;&nbsp;&nbsp;&nbsp;&nbsp;&nbsp;&nbsp;&nbsp;&nbsp;&nbsp;&nbsp;&nbsp;&nbsp;&nbsp;&nbsp;&nbsp;&nbsp; Gendarmerie : 17<\/strong><\/p>\n<p><strong>&nbsp;<\/strong><strong>Le Pr\u00e9sident de l\u2019association Fontenilles VTT<\/strong><\/p>\n","protected":false},"excerpt":{"rendered":"<p>R\u00c8GLEMENT COTES GASCONNES Nature de la manifestation : Randonn\u00e9es VTT, p\u00e9destre et \u00e9preuves combin\u00e9es (V\u00e9tathlon). Les activit\u00e9s organis\u00e9es dans le cadre des C\u00f4tes Gasconnes sont mises en place en partenariat&#8230; <\/p>\n<div class=\"read-more\"><a href=\"https:\/\/fontenilles-vtt.fr\/wp\/?page_id=998\">Lire la suite<\/a><\/div>\n","protected":false},"author":1,"featured_media":0,"parent":9,"menu_order":3,"comment_status":"closed","ping_status":"closed","template":"","meta":{"om_disable_all_campaigns":false,"_monsterinsights_skip_tracking":false,"_monsterinsights_sitenote_active":false,"_monsterinsights_sitenote_note":"","_monsterinsights_sitenote_category":0,"ngg_post_thumbnail":0,"jetpack_post_was_ever_published":false,"footnotes":""},"aioseo_notices":[],"jetpack_sharing_enabled":true,"jetpack_shortlink":"https:\/\/wp.me\/P9SYmx-g6","jetpack-related-posts":[],"post_mailing_queue_ids":[],"_links":{"self":[{"href":"https:\/\/fontenilles-vtt.fr\/wp\/index.php?rest_route=\/wp\/v2\/pages\/998"}],"collection":[{"href":"https:\/\/fontenilles-vtt.fr\/wp\/index.php?rest_route=\/wp\/v2\/pages"}],"about":[{"href":"https:\/\/fontenilles-vtt.fr\/wp\/index.php?rest_route=\/wp\/v2\/types\/page"}],"author":[{"embeddable":true,"href":"https:\/\/fontenilles-vtt.fr\/wp\/index.php?rest_route=\/wp\/v2\/users\/1"}],"replies":[{"embeddable":true,"href":"https:\/\/fontenilles-vtt.fr\/wp\/index.php?rest_route=%2Fwp%2Fv2%2Fcomments&post=998"}],"version-history":[{"count":41,"href":"https:\/\/fontenilles-vtt.fr\/wp\/index.php?rest_route=\/wp\/v2\/pages\/998\/revisions"}],"predecessor-version":[{"id":5424,"href":"https:\/\/fontenilles-vtt.fr\/wp\/index.php?rest_route=\/wp\/v2\/pages\/998\/revisions\/5424"}],"up":[{"embeddable":true,"href":"https:\/\/fontenilles-vtt.fr\/wp\/index.php?rest_route=\/wp\/v2\/pages\/9"}],"wp:attachment":[{"href":"https:\/\/fontenilles-vtt.fr\/wp\/index.php?rest_route=%2Fwp%2Fv2%2Fmedia&parent=998"}],"curies":[{"name":"wp","href":"https:\/\/api.w.org\/{rel}","templated":true}]}}